{"id":27,"date":"2024-03-19T08:25:35","date_gmt":"2024-03-19T08:25:35","guid":{"rendered":"https:\/\/labs.100x100.net\/projects\/creahogar\/?page_id=27"},"modified":"2024-04-09T13:13:30","modified_gmt":"2024-04-09T13:13:30","slug":"avis-legal","status":"publish","type":"page","link":"https:\/\/creahogarbcn.com\/ca\/avis-legal\/","title":{"rendered":"Av\u00eds legal"},"content":{"rendered":"<p>BRUART REFORMES S.L. compleix amb els requisits establerts en la normativa actual sobre Protecci\u00f3 de Dades de Car\u00e0cter Personal i Comer\u00e7 Electr\u00f2nic. A tal fi, ha creat el seg\u00fcent Av\u00eds Legal:<\/p>\n<h4>Informaci\u00f3<\/h4>\n<p>Denominaci\u00f3 social BRUART REFORMES S.L. Nom de domini: www.creahogar.com<\/p>\n<h4>Dades de contacte<\/h4>\n<p><span class=\"s1\">Direcci\u00f3: <\/span><\/p>\n<p><span class=\"s1\"><i data-stringify-type=\"italic\">BRUART REFORMES S.L<\/i><br \/>\n<i data-stringify-type=\"italic\">B67384792<\/i><br \/>\n<i data-stringify-type=\"italic\">C\/Pau Casals 7 Local<\/i><br \/>\n<i data-stringify-type=\"italic\">08740 Sant Andreu de la Barca<\/i><br \/>\n<\/span><span class=\"s1\">Tel.: (+34) 936 637 245<br \/>\n<\/span><span class=\"s1\">E-mail: a.bru.creahogar@gmail.com<\/span><\/p>\n<p>&nbsp;<\/p>\n<h4>Condicions generals d\u2019\u00fas<\/h4>\n<p>Tota persona que accedeixi a aquest lloc web assumeix el paper d\u2019Usuari, comprometent-se a l\u2019observan\u00e7a i compliment rigor\u00f3s de les disposicions aqu\u00ed disposades, aix\u00ed com a qualsevol altra disposici\u00f3 legal que fos aplicable.<\/p>\n<p>BRUART REFORMES S.L. es reserva el dret a modificar qualsevol tipus d\u2019informaci\u00f3 que pogu\u00e9s apar\u00e8ixer en el lloc web, sense que existeixi obligaci\u00f3 de preavisar o posar en coneixement dels Usuaris aquestes obligacions, entenent-se com a suficient amb la publicaci\u00f3 en el seu lloc web.<\/p>\n<p>L\u2019usuari accepta plenament i sense reserves les disposicions incloses en aquest Av\u00eds Legal, en la versi\u00f3 publicada per BRUART REFORMES S.L. en el moment mateix que l\u2019Usuari accedeixi al lloc web.<\/p>\n<p>El lloc web pot ser visitat lliurement i l\u2019Usuari es compromet a utilitzar els seus continguts i serveis de conformitat amb la llei, la moral, els bons costums i el present Av\u00eds Legal. A aquest efecte, l\u2019Usuari s\u2019abstindr\u00e0 d\u2019utilitzar el lloc web amb finalitats o efectes il\u00b7l\u00edcits, prohibits i lesius dels drets i interessos de tercers.<\/p>\n<p>BRUART REFORMES S.L. no es responsabilitza dels errors o omissions, dels continguts del lloc web ni d\u2019altres continguts als quals es pugui accedir a trav\u00e9s d\u2019aquest, ni dels danys derivats de la utilitzaci\u00f3 del lloc web, ni per qualsevol actuaci\u00f3 realitzada sobre la base de la informaci\u00f3 que en ella es facilita.<\/p>\n<p>BRUART REFORMES S.L.. ni garanteix l\u2019abs\u00e8ncia de virus o altres elements lesius, que poguessin causar danys o alteracions en el sistema inform\u00e0tic, en els documents electr\u00f2nics o en els fitxers de l\u2019usuari del lloc web; ni respon dels danys i perjudicis que tals elements poguessin ocasionar a l\u2019Usuari o tercers.<\/p>\n<p>El lloc web t\u00e9 car\u00e0cter informatiu, per la qual cosa el seu contingut podr\u00e0 ser modificat, ampliat o suprimit en qualsevol moment, sense previ av\u00eds.<\/p>\n<p>BRUART REFORMES S.L.. es reserva el dret d\u2019actualitzar els continguts del lloc web i\/o d\u2019eliminar-los, aix\u00ed com de limitar i impedir l\u2019acc\u00e9s a aquests, ja sigui temporal o definitivament, sense pr\u00e8via notificaci\u00f3.<\/p>\n<h4>Drets de propietat intel\u00b7lectual i industrial<\/h4>\n<p>Tots els drets de propietat intel\u00b7lectual i\/o industrial del lloc web i de tots els seus continguts (textos, imatges, dissenys, creativitats, programari, codi font, fragment d\u2019\u00e0udio, programes inform\u00e0tics, desc\u00e0rregues digitals, bases de dades, noms comercials, marques, logotips, i\/o qualsevol altre signe distintiu, etc.) que formin o hagin format part del mateix en algun moment, estan protegits per Llei i pertanyen a BRUART REFORMES S.L<\/p>\n<p>En cap cas s\u2019entendr\u00e0 que l\u2019acc\u00e9s i \u00fas del lloc web implica la ren\u00fancia, transmissi\u00f3, llic\u00e8ncia, cessi\u00f3, total ni parcial, ni autoritzaci\u00f3 de cap classe, per a l\u2019explotaci\u00f3, reproducci\u00f3, comunicaci\u00f3 p\u00fablica, difusi\u00f3, divulgaci\u00f3 i\/o transformaci\u00f3 ni del lloc web, ni dels seus continguts, entesos amb l\u2019amplitud assenyalada en el punt anterior, ni tampoc dels drets de propietat intel\u00b7lectual i\/o industrial inherents a aquests.<\/p>\n<h4>Enlla\u00e7os<\/h4>\n<p>L\u2019empresa no assumeix cap responsabilitat sobre el contingut, informaci\u00f3 o serveis que puguin oferir els enlla\u00e7os que es presenten en el nostre lloc web, i que tenen car\u00e0cter merament informatiu.<\/p>\n<h4>Legislaci\u00f3 aplicable:<\/h4>\n<p>La present Web es regeix per la legislaci\u00f3 espanyola.<\/p>\n","protected":false},"excerpt":{"rendered":"<p>BRUART REFORMES S.L. compleix amb els requisits establerts en la normativa actual sobre Protecci\u00f3 de Dades de Car\u00e0cter Personal i Comer\u00e7 Electr\u00f2nic. A tal fi, ha creat el seg\u00fcent Av\u00eds Legal: Informaci\u00f3 Denominaci\u00f3 social BRUART REFORMES S.L. Nom de domini: www.creahogar.com Dades de contacte Direcci\u00f3: BRUART REFORMES S.L B67384792 C\/Pau Casals 7 Local 08740 Sant [&hellip;]<\/p>\n","protected":false},"author":1,"featured_media":0,"parent":0,"menu_order":0,"comment_status":"closed","ping_status":"closed","template":"","meta":{"_acf_changed":false,"footnotes":""},"class_list":["post-27","page","type-page","status-publish","hentry"],"acf":[],"yoast_head":"<!-- This site is optimized with the Yoast SEO plugin v27.3 - https:\/\/yoast.com\/product\/yoast-seo-wordpress\/ -->\n<title>Av\u00eds legal - CreaHOGAR<\/title>\n<meta name=\"robots\" content=\"noindex, nofollow\" \/>\n<meta property=\"og:locale\" content=\"ca_ES\" \/>\n<meta property=\"og:type\" content=\"article\" \/>\n<meta property=\"og:title\" content=\"Av\u00eds legal - CreaHOGAR\" \/>\n<meta property=\"og:description\" content=\"BRUART REFORMES S.L. compleix amb els requisits establerts en la normativa actual sobre Protecci\u00f3 de Dades de Car\u00e0cter Personal i Comer\u00e7 Electr\u00f2nic. A tal fi, ha creat el seg\u00fcent Av\u00eds Legal: Informaci\u00f3 Denominaci\u00f3 social BRUART REFORMES S.L. Nom de domini: www.creahogar.com Dades de contacte Direcci\u00f3: BRUART REFORMES S.L B67384792 C\/Pau Casals 7 Local 08740 Sant [&hellip;]\" \/>\n<meta property=\"og:url\" content=\"https:\/\/creahogarbcn.com\/ca\/avis-legal\/\" \/>\n<meta property=\"og:site_name\" content=\"CreaHOGAR\" \/>\n<meta property=\"article:modified_time\" content=\"2024-04-09T13:13:30+00:00\" \/>\n<meta name=\"twitter:card\" content=\"summary_large_image\" \/>\n<meta name=\"twitter:label1\" content=\"Temps estimat de lectura\" \/>\n\t<meta name=\"twitter:data1\" content=\"3 minutes\" \/>\n<script type=\"application\/ld+json\" class=\"yoast-schema-graph\">{\"@context\":\"https:\\\/\\\/schema.org\",\"@graph\":[{\"@type\":\"WebPage\",\"@id\":\"https:\\\/\\\/creahogarbcn.com\\\/ca\\\/avis-legal\\\/\",\"url\":\"https:\\\/\\\/creahogarbcn.com\\\/ca\\\/avis-legal\\\/\",\"name\":\"Av\u00eds legal - CreaHOGAR\",\"isPartOf\":{\"@id\":\"https:\\\/\\\/creahogarbcn.com\\\/#website\"},\"datePublished\":\"2024-03-19T08:25:35+00:00\",\"dateModified\":\"2024-04-09T13:13:30+00:00\",\"breadcrumb\":{\"@id\":\"https:\\\/\\\/creahogarbcn.com\\\/ca\\\/avis-legal\\\/#breadcrumb\"},\"inLanguage\":\"ca\",\"potentialAction\":[{\"@type\":\"ReadAction\",\"target\":[\"https:\\\/\\\/creahogarbcn.com\\\/ca\\\/avis-legal\\\/\"]}]},{\"@type\":\"BreadcrumbList\",\"@id\":\"https:\\\/\\\/creahogarbcn.com\\\/ca\\\/avis-legal\\\/#breadcrumb\",\"itemListElement\":[{\"@type\":\"ListItem\",\"position\":1,\"name\":\"Portada\",\"item\":\"https:\\\/\\\/www.creahogarbcn.com\\\/ca\\\/\"},{\"@type\":\"ListItem\",\"position\":2,\"name\":\"Av\u00eds legal\"}]},{\"@type\":\"WebSite\",\"@id\":\"https:\\\/\\\/creahogarbcn.com\\\/#website\",\"url\":\"https:\\\/\\\/creahogarbcn.com\\\/\",\"name\":\"CreaHOGAR\",\"description\":\"CreaHOGAR es un estudio de reformas, arquitectura e interiorismo especializado en reformas de viviendas, locales y comunidades.\",\"publisher\":{\"@id\":\"https:\\\/\\\/creahogarbcn.com\\\/#organization\"},\"potentialAction\":[{\"@type\":\"SearchAction\",\"target\":{\"@type\":\"EntryPoint\",\"urlTemplate\":\"https:\\\/\\\/creahogarbcn.com\\\/?s={search_term_string}\"},\"query-input\":{\"@type\":\"PropertyValueSpecification\",\"valueRequired\":true,\"valueName\":\"search_term_string\"}}],\"inLanguage\":\"ca\"},{\"@type\":\"Organization\",\"@id\":\"https:\\\/\\\/creahogarbcn.com\\\/#organization\",\"name\":\"CreaHOGAR\",\"url\":\"https:\\\/\\\/creahogarbcn.com\\\/\",\"logo\":{\"@type\":\"ImageObject\",\"inLanguage\":\"ca\",\"@id\":\"https:\\\/\\\/creahogarbcn.com\\\/#\\\/schema\\\/logo\\\/image\\\/\",\"url\":\"https:\\\/\\\/hundreds-wordpress-uploads.s3.amazonaws.com\\\/creahogar\\\/uploads\\\/2024\\\/04\\\/WhatsApp-Image-2024-04-04-at-14.04.15.jpeg\",\"contentUrl\":\"https:\\\/\\\/hundreds-wordpress-uploads.s3.amazonaws.com\\\/creahogar\\\/uploads\\\/2024\\\/04\\\/WhatsApp-Image-2024-04-04-at-14.04.15.jpeg\",\"width\":1600,\"height\":468,\"caption\":\"CreaHOGAR\"},\"image\":{\"@id\":\"https:\\\/\\\/creahogarbcn.com\\\/#\\\/schema\\\/logo\\\/image\\\/\"},\"sameAs\":[\"https:\\\/\\\/www.instagram.com\\\/creahogarbcn\"]}]}<\/script>\n<!-- \/ Yoast SEO plugin. -->","yoast_head_json":{"title":"Av\u00eds legal - CreaHOGAR","robots":{"index":"noindex","follow":"nofollow"},"og_locale":"ca_ES","og_type":"article","og_title":"Av\u00eds legal - CreaHOGAR","og_description":"BRUART REFORMES S.L. compleix amb els requisits establerts en la normativa actual sobre Protecci\u00f3 de Dades de Car\u00e0cter Personal i Comer\u00e7 Electr\u00f2nic. A tal fi, ha creat el seg\u00fcent Av\u00eds Legal: Informaci\u00f3 Denominaci\u00f3 social BRUART REFORMES S.L. Nom de domini: www.creahogar.com Dades de contacte Direcci\u00f3: BRUART REFORMES S.L B67384792 C\/Pau Casals 7 Local 08740 Sant [&hellip;]","og_url":"https:\/\/creahogarbcn.com\/ca\/avis-legal\/","og_site_name":"CreaHOGAR","article_modified_time":"2024-04-09T13:13:30+00:00","twitter_card":"summary_large_image","twitter_misc":{"Temps estimat de lectura":"3 minutes"},"schema":{"@context":"https:\/\/schema.org","@graph":[{"@type":"WebPage","@id":"https:\/\/creahogarbcn.com\/ca\/avis-legal\/","url":"https:\/\/creahogarbcn.com\/ca\/avis-legal\/","name":"Av\u00eds legal - CreaHOGAR","isPartOf":{"@id":"https:\/\/creahogarbcn.com\/#website"},"datePublished":"2024-03-19T08:25:35+00:00","dateModified":"2024-04-09T13:13:30+00:00","breadcrumb":{"@id":"https:\/\/creahogarbcn.com\/ca\/avis-legal\/#breadcrumb"},"inLanguage":"ca","potentialAction":[{"@type":"ReadAction","target":["https:\/\/creahogarbcn.com\/ca\/avis-legal\/"]}]},{"@type":"BreadcrumbList","@id":"https:\/\/creahogarbcn.com\/ca\/avis-legal\/#breadcrumb","itemListElement":[{"@type":"ListItem","position":1,"name":"Portada","item":"https:\/\/www.creahogarbcn.com\/ca\/"},{"@type":"ListItem","position":2,"name":"Av\u00eds legal"}]},{"@type":"WebSite","@id":"https:\/\/creahogarbcn.com\/#website","url":"https:\/\/creahogarbcn.com\/","name":"CreaHOGAR","description":"CreaHOGAR es un estudio de reformas, arquitectura e interiorismo especializado en reformas de viviendas, locales y comunidades.","publisher":{"@id":"https:\/\/creahogarbcn.com\/#organization"},"potentialAction":[{"@type":"SearchAction","target":{"@type":"EntryPoint","urlTemplate":"https:\/\/creahogarbcn.com\/?s={search_term_string}"},"query-input":{"@type":"PropertyValueSpecification","valueRequired":true,"valueName":"search_term_string"}}],"inLanguage":"ca"},{"@type":"Organization","@id":"https:\/\/creahogarbcn.com\/#organization","name":"CreaHOGAR","url":"https:\/\/creahogarbcn.com\/","logo":{"@type":"ImageObject","inLanguage":"ca","@id":"https:\/\/creahogarbcn.com\/#\/schema\/logo\/image\/","url":"https:\/\/hundreds-wordpress-uploads.s3.amazonaws.com\/creahogar\/uploads\/2024\/04\/WhatsApp-Image-2024-04-04-at-14.04.15.jpeg","contentUrl":"https:\/\/hundreds-wordpress-uploads.s3.amazonaws.com\/creahogar\/uploads\/2024\/04\/WhatsApp-Image-2024-04-04-at-14.04.15.jpeg","width":1600,"height":468,"caption":"CreaHOGAR"},"image":{"@id":"https:\/\/creahogarbcn.com\/#\/schema\/logo\/image\/"},"sameAs":["https:\/\/www.instagram.com\/creahogarbcn"]}]}},"_links":{"self":[{"href":"https:\/\/creahogarbcn.com\/ca\/wp-json\/wp\/v2\/pages\/27","targetHints":{"allow":["GET"]}}],"collection":[{"href":"https:\/\/creahogarbcn.com\/ca\/wp-json\/wp\/v2\/pages"}],"about":[{"href":"https:\/\/creahogarbcn.com\/ca\/wp-json\/wp\/v2\/types\/page"}],"author":[{"embeddable":true,"href":"https:\/\/creahogarbcn.com\/ca\/wp-json\/wp\/v2\/users\/1"}],"replies":[{"embeddable":true,"href":"https:\/\/creahogarbcn.com\/ca\/wp-json\/wp\/v2\/comments?post=27"}],"version-history":[{"count":10,"href":"https:\/\/creahogarbcn.com\/ca\/wp-json\/wp\/v2\/pages\/27\/revisions"}],"predecessor-version":[{"id":424,"href":"https:\/\/creahogarbcn.com\/ca\/wp-json\/wp\/v2\/pages\/27\/revisions\/424"}],"wp:attachment":[{"href":"https:\/\/creahogarbcn.com\/ca\/wp-json\/wp\/v2\/media?parent=27"}],"curies":[{"name":"wp","href":"https:\/\/api.w.org\/{rel}","templated":true}]}}